{"id":7815,"date":"2024-10-27T13:02:23","date_gmt":"2024-10-27T13:02:23","guid":{"rendered":"https:\/\/projectos.inoarena.com\/doladob\/arquitetura-2-copy\/"},"modified":"2024-11-09T14:55:45","modified_gmt":"2024-11-09T14:55:45","slug":"eventos-conceituais","status":"publish","type":"page","link":"https:\/\/projectos.inoarena.com\/doladob\/eventos-conceituais\/","title":{"rendered":"Eventos Conceituais"},"content":{"rendered":"\t\t<div data-elementor-type=\"wp-page\" data-elementor-id=\"7815\" class=\"elementor elementor-7815\">\n\t\t\t\t        <section class=\"elementor-section elementor-top-section elementor-element elementor-element-b6ec36d elementor-section-stretched elementor-section-boxed elementor-section-height-default elementor-section-height-default ct-header-fixed-none ct-column-none ct-row-scroll-none ct-row-container-none\" data-id=\"b6ec36d\" data-element_type=\"section\" data-settings=\"{&quot;stretch_section&quot;:&quot;section-stretched&quot;}\">\n            \n                        <div class=\"elementor-container elementor-column-gap-extended \">\n                    <div class=\"elementor-column elementor-col-50 elementor-top-column elementor-element elementor-element-28ed7f0 ct-column-none\" data-id=\"28ed7f0\" data-element_type=\"column\">\n        <div class=\"elementor-widget-wrap elementor-element-populated\">\n                    \n        \t\t<div class=\"elementor-element elementor-element-5756b59 elementor-widget elementor-widget-ct_banner\" data-id=\"5756b59\" data-element_type=\"widget\" data-widget_type=\"ct_banner.default\">\n\t\t\t\t<div class=\"elementor-widget-container\">\n\t\t\t<div class=\"ct-banner layout3 style2\" data-wow-delay=\"ms\">\r\n            <div class=\"ct-banner-image\">\r\n            <div class=\"image-lager\">\r\n                <img fetchpriority=\"high\" decoding=\"async\" class=\"\" src=\"https:\/\/projectos.inoarena.com\/doladob\/wp-content\/uploads\/2021\/10\/banner-left-800x800.jpg\" width=\"800\" height=\"800\" alt=\"banner-left\" title=\"banner-left\" \/>            <\/div>\r\n                    <\/div>\r\n    <\/div>\t\t<\/div>\n\t\t\t\t<\/div>\n\t\t            <\/div>\n        <\/div>\n                <div class=\"elementor-column elementor-col-50 elementor-top-column elementor-element elementor-element-966badd ct-column-none\" data-id=\"966badd\" data-element_type=\"column\">\n        <div class=\"elementor-widget-wrap elementor-element-populated\">\n                    \n        \t\t<div class=\"elementor-element elementor-element-c504180 elementor-widget elementor-widget-ct_heading\" data-id=\"c504180\" data-element_type=\"widget\" data-widget_type=\"ct_heading.default\">\n\t\t\t\t<div class=\"elementor-widget-container\">\n\t\t\t<div class=\"ct-heading h-align- item-st-default\">\r\n\t\t\t<div class=\"item--sub-title style-modern\">\r\n            <span>\r\n                Eventos            <\/span>\r\n        <\/div>\r\n\t    <h3 class=\"item--title case-animate-time st-default \" data-wow-delay=\"ms\">\r\n        <span class=\"slide-in-container\"><span class=\"d-inline-block wow case-fade-in-up\">Eventos<\/span><\/span> <span class=\"slide-in-container\"><span class=\"d-inline-block wow case-fade-in-up\">Conceituais<\/span><\/span>    <\/h3>\r\n<\/div>\r\n\r\n\t\t<\/div>\n\t\t\t\t<\/div>\n\t\t\t\t<div class=\"elementor-element elementor-element-6867707 elementor-widget elementor-widget-ct_text_editor\" data-id=\"6867707\" data-element_type=\"widget\" data-widget_type=\"ct_text_editor.default\">\n\t\t\t\t<div class=\"elementor-widget-container\">\n\t\t\t<div id=\"ct_text_editor-6867707\" class=\"ct-text-editor \" data-wow-delay=\"ms\">\n\t<div class=\"ct-inline-css\"  data-css=\"\n        \t\t\">\n\n    <\/div>\n\t<div class=\"ct-text-editor elementor-clearfix\">\n\t\t<p>Os eventos conceituais s\u00e3o a nossa especialidade. Trabalhamos em eventos que v\u00e3o al\u00e9m do comum, trazendo \u00e0 vida conceitos inovadores, imersivos e art\u00edsticos que conectam as pessoas de forma \u00fanica.<\/p>\t\t\n\t<\/div>\n<\/div>\t\t<\/div>\n\t\t\t\t<\/div>\n\t\t            <\/div>\n        <\/div>\n                    <\/div>\n        <\/section>\n                <section class=\"elementor-section elementor-top-section elementor-element elementor-element-cfbcbbd elementor-section-stretched elementor-section-boxed elementor-section-height-default elementor-section-height-default ct-header-fixed-none ct-column-none ct-row-scroll-none ct-row-container-none\" data-id=\"cfbcbbd\" data-element_type=\"section\" data-settings=\"{&quot;stretch_section&quot;:&quot;section-stretched&quot;,&quot;background_background&quot;:&quot;classic&quot;}\">\n            \n                        <div class=\"elementor-container elementor-column-gap-extended \">\n                    <div class=\"elementor-column elementor-col-100 elementor-top-column elementor-element elementor-element-707f4b1 ct-column-none\" data-id=\"707f4b1\" data-element_type=\"column\">\n        <div class=\"elementor-widget-wrap elementor-element-populated\">\n                    \n        \t\t<div class=\"elementor-element elementor-element-572368d elementor-widget elementor-widget-ct_service_carousel\" data-id=\"572368d\" data-element_type=\"widget\" data-widget_type=\"ct_service_carousel.default\">\n\t\t\t\t<div class=\"elementor-widget-container\">\n\t\t\t\r\n<div id=\"ct_service_carousel-572368d\" class=\"ct-service ct-service-carousel1 ct-slick-slider\">\r\n    <div class=\"ct-carousel-inner\">\r\n        <div class=\"ct-slick-carousel slick-shadow ct-arrow-middle\" data-arrows=\"true\" data-dots=\"true\" data-pauseOnHover=\"true\" data-autoplay=\"true\" data-autoplaySpeed=\"5000\" data-infinite=\"false\" data-speed=\"500\" data-colxs=\"1\" data-colsm=\"2\" data-colmd=\"3\" data-collg=\"3\" data-colxl=\"3\" data-dir=\"false\" data-slidesToScroll=\"1\">\r\n                            <div class=\"carousel-item slick-slide\">\r\n                        <div class=\"grid-item-inner \">\r\n                                                            <div class=\"entry-feature\">\r\n                                                                            <a href=\"https:\/\/projectos.inoarena.com\/doladob\/service\/gestao-de-eventos-de-grande-escala\/\">\r\n                                            <img decoding=\"async\" class=\"\" src=\"https:\/\/projectos.inoarena.com\/doladob\/wp-content\/uploads\/2024\/10\/Ser6_Easy-Resize.com_-538x320.jpg\" width=\"538\" height=\"320\" alt=\"Ser6_Easy-Resize.com\" title=\"Ser6_Easy-Resize.com\" \/>                                        <\/a>\r\n                                                                                                                                                                                            <div class=\"item--icon icon-image\">\r\n                                            <a href=\"https:\/\/projectos.inoarena.com\/doladob\/service\/gestao-de-eventos-de-grande-escala\/\">\r\n                                                <img decoding=\"async\" width=\"512\" height=\"512\" src=\"https:\/\/projectos.inoarena.com\/doladob\/wp-content\/uploads\/2021\/11\/house-design.png\" class=\"attachment-full\" alt=\"\" \/>                                            <\/a>\r\n                                        <\/div>\r\n                                                                                                                <div class=\"item--readmore\">\r\n                                            <a class=\"btn btn-white\" href=\"https:\/\/projectos.inoarena.com\/doladob\/service\/gestao-de-eventos-de-grande-escala\/\">\r\n                                                <span>Saiba Mais<\/span>\r\n                                            <\/a>\r\n                                        <\/div>\r\n                                                                    <\/div>\r\n                                                        <div class=\"entry-content\">\r\n                                                                    <h3 class=\"entry-title\"><a href=\"https:\/\/projectos.inoarena.com\/doladob\/service\/gestao-de-eventos-de-grande-escala\/\">Gest\u00e3o de Eventos de Grande Escala<\/a><\/h3>\r\n                                                                                            <\/div>\r\n                        <\/div>\r\n                    <\/div>\r\n                                                <div class=\"carousel-item slick-slide\">\r\n                        <div class=\"grid-item-inner \">\r\n                                                            <div class=\"entry-feature\">\r\n                                                                            <a href=\"https:\/\/projectos.inoarena.com\/doladob\/service\/programacao-e-ativacoes-artisticas\/\">\r\n                                            <img loading=\"lazy\" decoding=\"async\" class=\"\" src=\"https:\/\/projectos.inoarena.com\/doladob\/wp-content\/uploads\/2024\/10\/Ser7_Easy-Resize.com_-538x320.jpg\" width=\"538\" height=\"320\" alt=\"Ser7_Easy-Resize.com\" title=\"Ser7_Easy-Resize.com\" \/>                                        <\/a>\r\n                                                                                                                                                                                            <div class=\"item--icon icon-image\">\r\n                                            <a href=\"https:\/\/projectos.inoarena.com\/doladob\/service\/programacao-e-ativacoes-artisticas\/\">\r\n                                                <img decoding=\"async\" width=\"512\" height=\"512\" src=\"https:\/\/projectos.inoarena.com\/doladob\/wp-content\/uploads\/2021\/11\/house-design.png\" class=\"attachment-full\" alt=\"\" \/>                                            <\/a>\r\n                                        <\/div>\r\n                                                                                                                <div class=\"item--readmore\">\r\n                                            <a class=\"btn btn-white\" href=\"https:\/\/projectos.inoarena.com\/doladob\/service\/programacao-e-ativacoes-artisticas\/\">\r\n                                                <span>Saiba Mais<\/span>\r\n                                            <\/a>\r\n                                        <\/div>\r\n                                                                    <\/div>\r\n                                                        <div class=\"entry-content\">\r\n                                                                    <h3 class=\"entry-title\"><a href=\"https:\/\/projectos.inoarena.com\/doladob\/service\/programacao-e-ativacoes-artisticas\/\">Programa\u00e7\u00e3o e Ativa\u00e7\u00f5es Art\u00edsticas<\/a><\/h3>\r\n                                                                                            <\/div>\r\n                        <\/div>\r\n                    <\/div>\r\n                                                <div class=\"carousel-item slick-slide\">\r\n                        <div class=\"grid-item-inner \">\r\n                                                            <div class=\"entry-feature\">\r\n                                                                            <a href=\"https:\/\/projectos.inoarena.com\/doladob\/service\/cenografia-e-design-de-espacos\/\">\r\n                                            <img loading=\"lazy\" decoding=\"async\" class=\"\" src=\"https:\/\/projectos.inoarena.com\/doladob\/wp-content\/uploads\/2021\/11\/service-1-538x320.jpg\" width=\"538\" height=\"320\" alt=\"service-1\" title=\"service-1\" \/>                                        <\/a>\r\n                                                                                                                                                                                            <div class=\"item--icon icon-image\">\r\n                                            <a href=\"https:\/\/projectos.inoarena.com\/doladob\/service\/cenografia-e-design-de-espacos\/\">\r\n                                                <img decoding=\"async\" width=\"512\" height=\"512\" src=\"https:\/\/projectos.inoarena.com\/doladob\/wp-content\/uploads\/2021\/11\/house-design.png\" class=\"attachment-full\" alt=\"\" \/>                                            <\/a>\r\n                                        <\/div>\r\n                                                                                                                <div class=\"item--readmore\">\r\n                                            <a class=\"btn btn-white\" href=\"https:\/\/projectos.inoarena.com\/doladob\/service\/cenografia-e-design-de-espacos\/\">\r\n                                                <span>Saiba Mais<\/span>\r\n                                            <\/a>\r\n                                        <\/div>\r\n                                                                    <\/div>\r\n                                                        <div class=\"entry-content\">\r\n                                                                    <h3 class=\"entry-title\"><a href=\"https:\/\/projectos.inoarena.com\/doladob\/service\/cenografia-e-design-de-espacos\/\">Cenografia e Design de Espa\u00e7os<\/a><\/h3>\r\n                                                                                            <\/div>\r\n                        <\/div>\r\n                    <\/div>\r\n                                                <div class=\"carousel-item slick-slide\">\r\n                        <div class=\"grid-item-inner \">\r\n                                                            <div class=\"entry-feature\">\r\n                                                                            <a href=\"https:\/\/projectos.inoarena.com\/doladob\/service\/criacao-de-conceitos-criativos\/\">\r\n                                            <img loading=\"lazy\" decoding=\"async\" class=\"\" src=\"https:\/\/projectos.inoarena.com\/doladob\/wp-content\/uploads\/2021\/11\/service-1-538x320.jpg\" width=\"538\" height=\"320\" alt=\"service-1\" title=\"service-1\" \/>                                        <\/a>\r\n                                                                                                                                                                                            <div class=\"item--icon icon-image\">\r\n                                            <a href=\"https:\/\/projectos.inoarena.com\/doladob\/service\/criacao-de-conceitos-criativos\/\">\r\n                                                <img decoding=\"async\" width=\"512\" height=\"512\" src=\"https:\/\/projectos.inoarena.com\/doladob\/wp-content\/uploads\/2021\/11\/house-design.png\" class=\"attachment-full\" alt=\"\" \/>                                            <\/a>\r\n                                        <\/div>\r\n                                                                                                                <div class=\"item--readmore\">\r\n                                            <a class=\"btn btn-white\" href=\"https:\/\/projectos.inoarena.com\/doladob\/service\/criacao-de-conceitos-criativos\/\">\r\n                                                <span>Saiba Mais<\/span>\r\n                                            <\/a>\r\n                                        <\/div>\r\n                                                                    <\/div>\r\n                                                        <div class=\"entry-content\">\r\n                                                                    <h3 class=\"entry-title\"><a href=\"https:\/\/projectos.inoarena.com\/doladob\/service\/criacao-de-conceitos-criativos\/\">Cria\u00e7\u00e3o de Conceitos Criativos<\/a><\/h3>\r\n                                                                                            <\/div>\r\n                        <\/div>\r\n                    <\/div>\r\n                                    <\/div>\r\n    <\/div>\r\n<\/div>\r\n\t\t<\/div>\n\t\t\t\t<\/div>\n\t\t            <\/div>\n        <\/div>\n                    <\/div>\n        <\/section>\n        \t\t<\/div>\n\t\t","protected":false},"excerpt":{"rendered":"<p>Eventos Eventos Conceituais Os eventos conceituais s\u00e3o a nossa especialidade. Trabalhamos em eventos que v\u00e3o al\u00e9m do comum, trazendo \u00e0 vida conceitos inovadores, imersivos e art\u00edsticos que conectam as pessoas de forma \u00fanica. Saiba Mais Gest\u00e3o de Eventos de Grande Escala Saiba Mais Programa\u00e7\u00e3o e Ativa\u00e7\u00f5es Art\u00edsticas Saiba Mais Cenografia e Design de Espa\u00e7os Saiba [&hellip;]<\/p>\n","protected":false},"author":1,"featured_media":0,"parent":0,"menu_order":0,"comment_status":"closed","ping_status":"closed","template":"","meta":{"_joinchat":[],"footnotes":""},"class_list":["post-7815","page","type-page","status-publish","hentry"],"_links":{"self":[{"href":"https:\/\/projectos.inoarena.com\/doladob\/wp-json\/wp\/v2\/pages\/7815","targetHints":{"allow":["GET"]}}],"collection":[{"href":"https:\/\/projectos.inoarena.com\/doladob\/wp-json\/wp\/v2\/pages"}],"about":[{"href":"https:\/\/projectos.inoarena.com\/doladob\/wp-json\/wp\/v2\/types\/page"}],"author":[{"embeddable":true,"href":"https:\/\/projectos.inoarena.com\/doladob\/wp-json\/wp\/v2\/users\/1"}],"replies":[{"embeddable":true,"href":"https:\/\/projectos.inoarena.com\/doladob\/wp-json\/wp\/v2\/comments?post=7815"}],"version-history":[{"count":23,"href":"https:\/\/projectos.inoarena.com\/doladob\/wp-json\/wp\/v2\/pages\/7815\/revisions"}],"predecessor-version":[{"id":8538,"href":"https:\/\/projectos.inoarena.com\/doladob\/wp-json\/wp\/v2\/pages\/7815\/revisions\/8538"}],"wp:attachment":[{"href":"https:\/\/projectos.inoarena.com\/doladob\/wp-json\/wp\/v2\/media?parent=7815"}],"curies":[{"name":"wp","href":"https:\/\/api.w.org\/{rel}","templated":true}]}}