{"id":6349,"date":"2022-01-15T15:04:23","date_gmt":"2022-01-15T15:04:23","guid":{"rendered":"https:\/\/demo.bravisthemes.com\/arcik\/?page_id=6349"},"modified":"2024-10-31T20:02:22","modified_gmt":"2024-10-31T20:02:22","slug":"noticias","status":"publish","type":"page","link":"https:\/\/projectos.inoarena.com\/doladob\/noticias\/","title":{"rendered":"Not\u00edcias"},"content":{"rendered":"\t\t<div data-elementor-type=\"wp-page\" data-elementor-id=\"6349\" class=\"elementor elementor-6349\">\n\t\t\t\t        <section class=\"elementor-section elementor-top-section elementor-element elementor-element-605836d elementor-section-boxed elementor-section-height-default elementor-section-height-default ct-header-fixed-none ct-column-none ct-row-scroll-none ct-row-container-none\" data-id=\"605836d\" data-element_type=\"section\">\n            \n                        <div class=\"elementor-container elementor-column-gap-no \">\n                    <div class=\"elementor-column elementor-col-100 elementor-top-column elementor-element elementor-element-58e3276 ct-column-none\" data-id=\"58e3276\" data-element_type=\"column\">\n        <div class=\"elementor-widget-wrap elementor-element-populated\">\n                    \n        \t\t<div class=\"elementor-element elementor-element-fbe1a15 elementor-widget elementor-widget-ct_blog_grid\" data-id=\"fbe1a15\" data-element_type=\"widget\" data-widget_type=\"ct_blog_grid.default\">\n\t\t\t\t<div class=\"elementor-widget-container\">\n\t\t\t\r\n<div id=\"ct_blog_grid-fbe1a15\" class=\"ct-grid ct-blog-grid ct-blog-grid-layout5\" data-layout=\"masonry\" data-start-page=\"1\" data-max-pages=\"2\" data-total=\"11\" data-perpage=\"9\" data-next-link=\"https:\/\/projectos.inoarena.com\/doladob\/wp-json\/wp\/v2\/pages\/6349\/page\/2\/\">\r\n    <div class=\"ct-grid-overlay\"><\/div>\r\n    \r\n    <div class=\"ct-grid-inner ct-grid-masonry row animate-time\" data-gutter=\"15\">\r\n                                        <div class=\"grid-item col-xl-4 col-lg-4 col-md-6 col-sm-6 col-12 noticas\">\r\n                    <div class=\"grid-item-inner \" data-wow-duration=\"1.2s\">\r\n                                                    <div class=\"item--featured\">\r\n                                <a href=\"https:\/\/projectos.inoarena.com\/doladob\/2022\/01\/17\/foraged-decor-is-the-effortlessly-cool-design\/\"><img fetchpriority=\"high\" decoding=\"async\" class=\"no-lazyload \" src=\"https:\/\/projectos.inoarena.com\/doladob\/wp-content\/uploads\/2021\/10\/banner-faqs-675x400.jpg\" width=\"675\" height=\"400\" alt=\"banner-faqs\" title=\"banner-faqs\" \/><\/a>\r\n                                                                    <span class=\"item--category\">\r\n                                        <a href=\"https:\/\/projectos.inoarena.com\/doladob\/category\/noticas\/\" rel=\"tag\">Not\u00edcas<\/a>                                    <\/span>\r\n                                                            <\/div>\r\n                                                <div class=\"item--body\">\r\n                                                            <ul class=\"item--meta ct-item-meta\">\r\n                                                                            <li class=\"item--date\">\r\n                                            <span>Janeiro 17, 2022<\/span>\r\n                                        <\/li>\r\n                                                                                                                <li class=\"item-author\">\r\n                                            <a href=\"https:\/\/projectos.inoarena.com\/doladob\/author\/osvaldoabilio.bruno@gmail.com\/\">osvaldoabilio.bruno@gmail.com<\/a>\r\n                                        <\/li>\r\n                                                                    <\/ul>\r\n                                                        <h3 class=\"item--title\"><a href=\"https:\/\/projectos.inoarena.com\/doladob\/2022\/01\/17\/foraged-decor-is-the-effortlessly-cool-design\/\">Foraged Decor Is the Effortlessly Cool Design<\/a><\/h3>\r\n                                                            <div class=\"item--content\">\r\n                                                                    <\/div>\r\n                                                    <\/div>\r\n                    <\/div>\r\n                <\/div>\r\n                                            <div class=\"grid-item col-xl-4 col-lg-4 col-md-6 col-sm-6 col-12 noticas\">\r\n                    <div class=\"grid-item-inner \" data-wow-duration=\"1.2s\">\r\n                                                    <div class=\"item--featured\">\r\n                                <a href=\"https:\/\/projectos.inoarena.com\/doladob\/2022\/01\/17\/22-home-decor-trends-to-try-in-2022\/\"><img decoding=\"async\" class=\"no-lazyload \" src=\"https:\/\/projectos.inoarena.com\/doladob\/wp-content\/uploads\/2021\/11\/portfolio-8-675x400.jpg\" width=\"675\" height=\"400\" alt=\"portfolio-8\" title=\"portfolio-8\" \/><\/a>\r\n                                                                    <span class=\"item--category\">\r\n                                        <a href=\"https:\/\/projectos.inoarena.com\/doladob\/category\/noticas\/\" rel=\"tag\">Not\u00edcas<\/a>                                    <\/span>\r\n                                                            <\/div>\r\n                                                <div class=\"item--body\">\r\n                                                            <ul class=\"item--meta ct-item-meta\">\r\n                                                                            <li class=\"item--date\">\r\n                                            <span>Janeiro 17, 2022<\/span>\r\n                                        <\/li>\r\n                                                                                                                <li class=\"item-author\">\r\n                                            <a href=\"https:\/\/projectos.inoarena.com\/doladob\/author\/osvaldoabilio.bruno@gmail.com\/\">osvaldoabilio.bruno@gmail.com<\/a>\r\n                                        <\/li>\r\n                                                                    <\/ul>\r\n                                                        <h3 class=\"item--title\"><a href=\"https:\/\/projectos.inoarena.com\/doladob\/2022\/01\/17\/22-home-decor-trends-to-try-in-2022\/\">22 Home Decor Trends to Try in 2022<\/a><\/h3>\r\n                                                            <div class=\"item--content\">\r\n                                                                    <\/div>\r\n                                                    <\/div>\r\n                    <\/div>\r\n                <\/div>\r\n                                            <div class=\"grid-item col-xl-4 col-lg-4 col-md-6 col-sm-6 col-12 noticas\">\r\n                    <div class=\"grid-item-inner \" data-wow-duration=\"1.2s\">\r\n                                                    <div class=\"item--featured\">\r\n                                <a href=\"https:\/\/projectos.inoarena.com\/doladob\/2021\/10\/06\/more-inside-kirsten-dunsts-charming-ranch-house\/\"><img decoding=\"async\" class=\"no-lazyload \" src=\"https:\/\/projectos.inoarena.com\/doladob\/wp-content\/uploads\/2021\/10\/image-post-7-675x400.jpg\" width=\"675\" height=\"400\" alt=\"image-post-7\" title=\"image-post-7\" \/><\/a>\r\n                                                                    <span class=\"item--category\">\r\n                                        <a href=\"https:\/\/projectos.inoarena.com\/doladob\/category\/noticas\/\" rel=\"tag\">Not\u00edcas<\/a>                                    <\/span>\r\n                                                            <\/div>\r\n                                                <div class=\"item--body\">\r\n                                                            <ul class=\"item--meta ct-item-meta\">\r\n                                                                            <li class=\"item--date\">\r\n                                            <span>Outubro 6, 2021<\/span>\r\n                                        <\/li>\r\n                                                                                                                <li class=\"item-author\">\r\n                                            <a href=\"https:\/\/projectos.inoarena.com\/doladob\/author\/osvaldoabilio.bruno@gmail.com\/\">osvaldoabilio.bruno@gmail.com<\/a>\r\n                                        <\/li>\r\n                                                                    <\/ul>\r\n                                                        <h3 class=\"item--title\"><a href=\"https:\/\/projectos.inoarena.com\/doladob\/2021\/10\/06\/more-inside-kirsten-dunsts-charming-ranch-house\/\">More Inside Kirsten Dunst\u2019s Charming Ranch<\/a><\/h3>\r\n                                                            <div class=\"item--content\">\r\n                                                                    <\/div>\r\n                                                    <\/div>\r\n                    <\/div>\r\n                <\/div>\r\n                                            <div class=\"grid-item col-xl-4 col-lg-4 col-md-6 col-sm-6 col-12 noticas\">\r\n                    <div class=\"grid-item-inner \" data-wow-duration=\"1.2s\">\r\n                                                    <div class=\"item--featured\">\r\n                                <a href=\"https:\/\/projectos.inoarena.com\/doladob\/2021\/10\/06\/the-best-plants-for-the-bedroom-are-natures\/\"><img loading=\"lazy\" decoding=\"async\" class=\"no-lazyload \" src=\"https:\/\/projectos.inoarena.com\/doladob\/wp-content\/uploads\/2021\/10\/image-post-6-675x400.jpg\" width=\"675\" height=\"400\" alt=\"image-post-6\" title=\"image-post-6\" \/><\/a>\r\n                                                                    <span class=\"item--category\">\r\n                                        <a href=\"https:\/\/projectos.inoarena.com\/doladob\/category\/noticas\/\" rel=\"tag\">Not\u00edcas<\/a>                                    <\/span>\r\n                                                            <\/div>\r\n                                                <div class=\"item--body\">\r\n                                                            <ul class=\"item--meta ct-item-meta\">\r\n                                                                            <li class=\"item--date\">\r\n                                            <span>Outubro 6, 2021<\/span>\r\n                                        <\/li>\r\n                                                                                                                <li class=\"item-author\">\r\n                                            <a href=\"https:\/\/projectos.inoarena.com\/doladob\/author\/osvaldoabilio.bruno@gmail.com\/\">osvaldoabilio.bruno@gmail.com<\/a>\r\n                                        <\/li>\r\n                                                                    <\/ul>\r\n                                                        <h3 class=\"item--title\"><a href=\"https:\/\/projectos.inoarena.com\/doladob\/2021\/10\/06\/the-best-plants-for-the-bedroom-are-natures\/\">The Best Plants for the Bedroom Are Nature\u2019s<\/a><\/h3>\r\n                                                            <div class=\"item--content\">\r\n                                                                    <\/div>\r\n                                                    <\/div>\r\n                    <\/div>\r\n                <\/div>\r\n                                            <div class=\"grid-item col-xl-4 col-lg-4 col-md-6 col-sm-6 col-12 noticas\">\r\n                    <div class=\"grid-item-inner \" data-wow-duration=\"1.2s\">\r\n                                                    <div class=\"item--featured\">\r\n                                <a href=\"https:\/\/projectos.inoarena.com\/doladob\/2021\/10\/06\/step-inside-kirsten-dunsts-charming-ranch-house\/\"><img loading=\"lazy\" decoding=\"async\" class=\"no-lazyload \" src=\"https:\/\/projectos.inoarena.com\/doladob\/wp-content\/uploads\/2021\/10\/image-post-10-675x400.jpg\" width=\"675\" height=\"400\" alt=\"image-post-10\" title=\"image-post-10\" \/><\/a>\r\n                                                                    <span class=\"item--category\">\r\n                                        <a href=\"https:\/\/projectos.inoarena.com\/doladob\/category\/noticas\/\" rel=\"tag\">Not\u00edcas<\/a>                                    <\/span>\r\n                                                            <\/div>\r\n                                                <div class=\"item--body\">\r\n                                                            <ul class=\"item--meta ct-item-meta\">\r\n                                                                            <li class=\"item--date\">\r\n                                            <span>Outubro 6, 2021<\/span>\r\n                                        <\/li>\r\n                                                                                                                <li class=\"item-author\">\r\n                                            <a href=\"https:\/\/projectos.inoarena.com\/doladob\/author\/osvaldoabilio.bruno@gmail.com\/\">osvaldoabilio.bruno@gmail.com<\/a>\r\n                                        <\/li>\r\n                                                                    <\/ul>\r\n                                                        <h3 class=\"item--title\"><a href=\"https:\/\/projectos.inoarena.com\/doladob\/2021\/10\/06\/step-inside-kirsten-dunsts-charming-ranch-house\/\">Step Inside Kirsten Dunst\u2019s Charming Ranch House<\/a><\/h3>\r\n                                                            <div class=\"item--content\">\r\n                                                                    <\/div>\r\n                                                    <\/div>\r\n                    <\/div>\r\n                <\/div>\r\n                                            <div class=\"grid-item col-xl-4 col-lg-4 col-md-6 col-sm-6 col-12 noticas\">\r\n                    <div class=\"grid-item-inner \" data-wow-duration=\"1.2s\">\r\n                                                    <div class=\"item--featured\">\r\n                                <a href=\"https:\/\/projectos.inoarena.com\/doladob\/2021\/10\/06\/the-hottest-new-residential-developments\/\"><img loading=\"lazy\" decoding=\"async\" class=\"no-lazyload \" src=\"https:\/\/projectos.inoarena.com\/doladob\/wp-content\/uploads\/2021\/10\/image-post-13-675x400.jpg\" width=\"675\" height=\"400\" alt=\"image-post-13\" title=\"image-post-13\" \/><\/a>\r\n                                                                    <span class=\"item--category\">\r\n                                        <a href=\"https:\/\/projectos.inoarena.com\/doladob\/category\/noticas\/\" rel=\"tag\">Not\u00edcas<\/a>                                    <\/span>\r\n                                                            <\/div>\r\n                                                <div class=\"item--body\">\r\n                                                            <ul class=\"item--meta ct-item-meta\">\r\n                                                                            <li class=\"item--date\">\r\n                                            <span>Outubro 6, 2021<\/span>\r\n                                        <\/li>\r\n                                                                                                                <li class=\"item-author\">\r\n                                            <a href=\"https:\/\/projectos.inoarena.com\/doladob\/author\/osvaldoabilio.bruno@gmail.com\/\">osvaldoabilio.bruno@gmail.com<\/a>\r\n                                        <\/li>\r\n                                                                    <\/ul>\r\n                                                        <h3 class=\"item--title\"><a href=\"https:\/\/projectos.inoarena.com\/doladob\/2021\/10\/06\/the-hottest-new-residential-developments\/\">The Hottest New Residential Developments<\/a><\/h3>\r\n                                                            <div class=\"item--content\">\r\n                                                                    <\/div>\r\n                                                    <\/div>\r\n                    <\/div>\r\n                <\/div>\r\n                                            <div class=\"grid-item col-xl-4 col-lg-4 col-md-6 col-sm-6 col-12 noticas\">\r\n                    <div class=\"grid-item-inner \" data-wow-duration=\"1.2s\">\r\n                                                    <div class=\"item--featured\">\r\n                                <a href=\"https:\/\/projectos.inoarena.com\/doladob\/2021\/10\/06\/fendi-casa-debuts-a-new-line-of-furniture\/\"><img loading=\"lazy\" decoding=\"async\" class=\"no-lazyload \" src=\"https:\/\/projectos.inoarena.com\/doladob\/wp-content\/uploads\/2021\/10\/image-post-11-675x400.jpg\" width=\"675\" height=\"400\" alt=\"image-post-11\" title=\"image-post-11\" \/><\/a>\r\n                                                                    <span class=\"item--category\">\r\n                                        <a href=\"https:\/\/projectos.inoarena.com\/doladob\/category\/noticas\/\" rel=\"tag\">Not\u00edcas<\/a>                                    <\/span>\r\n                                                            <\/div>\r\n                                                <div class=\"item--body\">\r\n                                                            <ul class=\"item--meta ct-item-meta\">\r\n                                                                            <li class=\"item--date\">\r\n                                            <span>Outubro 6, 2021<\/span>\r\n                                        <\/li>\r\n                                                                                                                <li class=\"item-author\">\r\n                                            <a href=\"https:\/\/projectos.inoarena.com\/doladob\/author\/osvaldoabilio.bruno@gmail.com\/\">osvaldoabilio.bruno@gmail.com<\/a>\r\n                                        <\/li>\r\n                                                                    <\/ul>\r\n                                                        <h3 class=\"item--title\"><a href=\"https:\/\/projectos.inoarena.com\/doladob\/2021\/10\/06\/fendi-casa-debuts-a-new-line-of-furniture\/\">Fendi Casa Debuts a New Line of Furniture<\/a><\/h3>\r\n                                                            <div class=\"item--content\">\r\n                                                                    <\/div>\r\n                                                    <\/div>\r\n                    <\/div>\r\n                <\/div>\r\n                                            <div class=\"grid-item col-xl-4 col-lg-4 col-md-6 col-sm-6 col-12 noticas\">\r\n                    <div class=\"grid-item-inner \" data-wow-duration=\"1.2s\">\r\n                                                    <div class=\"item--featured\">\r\n                                <a href=\"https:\/\/projectos.inoarena.com\/doladob\/2021\/10\/06\/a-givenchy-scion-launches-a-country\/\"><img loading=\"lazy\" decoding=\"async\" class=\"no-lazyload \" src=\"https:\/\/projectos.inoarena.com\/doladob\/wp-content\/uploads\/2021\/10\/image-post-5-675x400.jpg\" width=\"675\" height=\"400\" alt=\"image-post-5\" title=\"image-post-5\" \/><\/a>\r\n                                                                    <span class=\"item--category\">\r\n                                        <a href=\"https:\/\/projectos.inoarena.com\/doladob\/category\/noticas\/\" rel=\"tag\">Not\u00edcas<\/a>                                    <\/span>\r\n                                                            <\/div>\r\n                                                <div class=\"item--body\">\r\n                                                            <ul class=\"item--meta ct-item-meta\">\r\n                                                                            <li class=\"item--date\">\r\n                                            <span>Outubro 6, 2021<\/span>\r\n                                        <\/li>\r\n                                                                                                                <li class=\"item-author\">\r\n                                            <a href=\"https:\/\/projectos.inoarena.com\/doladob\/author\/osvaldoabilio.bruno@gmail.com\/\">osvaldoabilio.bruno@gmail.com<\/a>\r\n                                        <\/li>\r\n                                                                    <\/ul>\r\n                                                        <h3 class=\"item--title\"><a href=\"https:\/\/projectos.inoarena.com\/doladob\/2021\/10\/06\/a-givenchy-scion-launches-a-country\/\">A Givenchy Scion Launches a Country<\/a><\/h3>\r\n                                                            <div class=\"item--content\">\r\n                                                                    <\/div>\r\n                                                    <\/div>\r\n                    <\/div>\r\n                <\/div>\r\n                                            <div class=\"grid-item col-xl-4 col-lg-4 col-md-6 col-sm-6 col-12 noticas\">\r\n                    <div class=\"grid-item-inner \" data-wow-duration=\"1.2s\">\r\n                                                    <div class=\"item--featured\">\r\n                                <a href=\"https:\/\/projectos.inoarena.com\/doladob\/2021\/10\/06\/inside-a-stunning-central-park-west-apartment\/\"><img loading=\"lazy\" decoding=\"async\" class=\"no-lazyload \" src=\"https:\/\/projectos.inoarena.com\/doladob\/wp-content\/uploads\/2021\/10\/image-post-2-675x400.jpg\" width=\"675\" height=\"400\" alt=\"image-post-2\" title=\"image-post-2\" \/><\/a>\r\n                                                                    <span class=\"item--category\">\r\n                                        <a href=\"https:\/\/projectos.inoarena.com\/doladob\/category\/noticas\/\" rel=\"tag\">Not\u00edcas<\/a>                                    <\/span>\r\n                                                            <\/div>\r\n                                                <div class=\"item--body\">\r\n                                                            <ul class=\"item--meta ct-item-meta\">\r\n                                                                            <li class=\"item--date\">\r\n                                            <span>Outubro 6, 2021<\/span>\r\n                                        <\/li>\r\n                                                                                                                <li class=\"item-author\">\r\n                                            <a href=\"https:\/\/projectos.inoarena.com\/doladob\/author\/osvaldoabilio.bruno@gmail.com\/\">osvaldoabilio.bruno@gmail.com<\/a>\r\n                                        <\/li>\r\n                                                                    <\/ul>\r\n                                                        <h3 class=\"item--title\"><a href=\"https:\/\/projectos.inoarena.com\/doladob\/2021\/10\/06\/inside-a-stunning-central-park-west-apartment\/\">Inside a Stunning Central Park West Apartment<\/a><\/h3>\r\n                                                            <div class=\"item--content\">\r\n                                                                    <\/div>\r\n                                                    <\/div>\r\n                    <\/div>\r\n                <\/div>\r\n                                <div class=\"grid-sizer col-xl-4 col-lg-4 col-md-6 col-sm-6 col-12\"><\/div>\r\n            <\/div>\r\n            <div class=\"ct-grid-pagination\" data-loadmore=\"{&quot;startPage&quot;:1,&quot;maxPages&quot;:2,&quot;total&quot;:11,&quot;perpage&quot;:9,&quot;nextLink&quot;:&quot;https:\\\/\\\/projectos.inoarena.com\\\/doladob\\\/wp-json\\\/wp\\\/v2\\\/pages\\\/6349\\\/page\\\/2\\\/&quot;,&quot;source&quot;:&quot;&quot;,&quot;orderby&quot;:&quot;date&quot;,&quot;order&quot;:&quot;desc&quot;,&quot;limit&quot;:9,&quot;post_ids&quot;:&quot;&quot;,&quot;col_xl&quot;:4,&quot;col_lg&quot;:4,&quot;col_md&quot;:6,&quot;col_sm&quot;:6,&quot;col_xs&quot;:12,&quot;pagination_type&quot;:&quot;pagination&quot;,&quot;show_date&quot;:&quot;true&quot;,&quot;show_author&quot;:&quot;true&quot;,&quot;show_category&quot;:&quot;true&quot;,&quot;show_button&quot;:&quot;&quot;,&quot;button_text&quot;:&quot;&quot;,&quot;show_excerpt&quot;:&quot;true&quot;,&quot;num_words&quot;:25,&quot;img_size&quot;:&quot;&quot;,&quot;grid_masonry&quot;:&quot;&quot;,&quot;ct_animate&quot;:&quot;&quot;,&quot;template_type&quot;:&quot;post_grid_layout5&quot;,&quot;tax&quot;:[&quot;category&quot;]}\" data-query=\"{&quot;post_type&quot;:&quot;post&quot;,&quot;post_status&quot;:&quot;publish&quot;,&quot;posts_per_page&quot;:9,&quot;order&quot;:&quot;desc&quot;,&quot;orderby&quot;:&quot;date&quot;,&quot;tax_query&quot;:{&quot;relation&quot;:&quot;OR&quot;},&quot;post__not_in&quot;:[6349]}\">\r\n                <nav class=\"ct-posts-pagination ajax\">\r\n        <div class=\"posts-page-links\">\r\n            <span aria-current=\"page\" class=\"page-numbers current\">1<\/span>\n<a class=\"page-numbers\" href=\"#2\">2<\/a>\n<a class=\"next page-numbers\" href=\"#2\"><i class=\"bravisicon-angle-arrow-right\"><\/i><\/a>        <\/div>\r\n    <\/nav>\r\n            <\/div>\r\n        <\/div>\t\t<\/div>\n\t\t\t\t<\/div>\n\t\t            <\/div>\n        <\/div>\n                    <\/div>\n        <\/section>\n        \t\t<\/div>\n\t\t","protected":false},"excerpt":{"rendered":"<p>Not\u00edcas Janeiro 17, 2022 osvaldoabilio.bruno@gmail.com Foraged Decor Is the Effortlessly Cool Design Not\u00edcas Janeiro 17, 2022 osvaldoabilio.bruno@gmail.com 22 Home Decor Trends to Try in 2022 Not\u00edcas Outubro 6, 2021 osvaldoabilio.bruno@gmail.com More Inside Kirsten Dunst\u2019s Charming Ranch Not\u00edcas Outubro 6, 2021 osvaldoabilio.bruno@gmail.com The Best Plants for the Bedroom Are Nature\u2019s Not\u00edcas Outubro 6, 2021 osvaldoabilio.bruno@gmail.com Step [&hellip;]<\/p>\n","protected":false},"author":1,"featured_media":0,"parent":0,"menu_order":0,"comment_status":"closed","ping_status":"closed","template":"","meta":{"_joinchat":[],"footnotes":""},"class_list":["post-6349","page","type-page","status-publish","hentry"],"_links":{"self":[{"href":"https:\/\/projectos.inoarena.com\/doladob\/wp-json\/wp\/v2\/pages\/6349","targetHints":{"allow":["GET"]}}],"collection":[{"href":"https:\/\/projectos.inoarena.com\/doladob\/wp-json\/wp\/v2\/pages"}],"about":[{"href":"https:\/\/projectos.inoarena.com\/doladob\/wp-json\/wp\/v2\/types\/page"}],"author":[{"embeddable":true,"href":"https:\/\/projectos.inoarena.com\/doladob\/wp-json\/wp\/v2\/users\/1"}],"replies":[{"embeddable":true,"href":"https:\/\/projectos.inoarena.com\/doladob\/wp-json\/wp\/v2\/comments?post=6349"}],"version-history":[{"count":7,"href":"https:\/\/projectos.inoarena.com\/doladob\/wp-json\/wp\/v2\/pages\/6349\/revisions"}],"predecessor-version":[{"id":8062,"href":"https:\/\/projectos.inoarena.com\/doladob\/wp-json\/wp\/v2\/pages\/6349\/revisions\/8062"}],"wp:attachment":[{"href":"https:\/\/projectos.inoarena.com\/doladob\/wp-json\/wp\/v2\/media?parent=6349"}],"curies":[{"name":"wp","href":"https:\/\/api.w.org\/{rel}","templated":true}]}}